{"id":10980,"date":"2025-09-26T14:40:40","date_gmt":"2025-09-26T14:40:40","guid":{"rendered":"https:\/\/STESANT.com\/?page_id=10980"},"modified":"2025-11-11T00:30:42","modified_gmt":"2025-11-11T00:30:42","slug":"datenschutzrichtlinie","status":"publish","type":"page","link":"https:\/\/stesant.com\/nl\/datenschutzrichtlinie\/","title":{"rendered":"Privacybeleid"},"content":{"rendered":"<div data-elementor-type=\"wp-page\" data-elementor-id=\"10980\" class=\"elementor elementor-10980\" data-elementor-post-type=\"page\">\n\t\t\t\t<div class=\"elementor-element elementor-element-d8601b1 e-flex e-con-boxed wpr-particle-no wpr-jarallax-no wpr-parallax-no wpr-sticky-section-no wpr-equal-height-no e-con e-parent\" data-id=\"d8601b1\" data-element_type=\"container\" data-e-type=\"container\" data-settings=\"{&quot;background_background&quot;:&quot;classic&quot;}\">\n\t\t\t\t\t<div class=\"e-con-inner\">\n\t\t<div class=\"elementor-element elementor-element-02ee37b e-con-full e-flex wpr-particle-no wpr-jarallax-no wpr-parallax-no wpr-sticky-section-no wpr-equal-height-no e-con e-child\" data-id=\"02ee37b\" data-element_type=\"container\" data-e-type=\"container\">\n\t\t\t\t<div class=\"elementor-element elementor-element-7e74bef elementor-widget-divider--view-line elementor-widget elementor-widget-divider\" data-id=\"7e74bef\" data-element_type=\"widget\" data-e-type=\"widget\" data-widget_type=\"divider.default\">\n\t\t\t\t\t\t\t<div class=\"elementor-divider\">\n\t\t\t<span class=\"elementor-divider-separator\">\n\t\t\t\t\t\t<\/span>\n\t\t<\/div>\n\t\t\t\t\t\t<\/div>\n\t\t\t\t<div class=\"elementor-element elementor-element-e170ff3 elementor-widget elementor-widget-wpr-breadcrumbs-pro\" data-id=\"e170ff3\" data-element_type=\"widget\" data-e-type=\"widget\" data-widget_type=\"wpr-breadcrumbs-pro.default\">\n\t\t\t\t\t<div class=\"wpr-post-breadcrumbs\"><ul class=\"wpr-breadcrumbs\"><li><a href=\"https:\/\/stesant.com\/nl\">Thuis<\/a><\/li><li>\/<\/li><\/ul><\/div>\t\t\t\t<\/div>\n\t\t\t\t<\/div>\n\t\t\t\t\t<\/div>\n\t\t\t\t<\/div>\n\t\t<div class=\"elementor-element elementor-element-b9cedcf e-flex e-con-boxed wpr-particle-no wpr-jarallax-no wpr-parallax-no wpr-sticky-section-no wpr-equal-height-no e-con e-parent\" data-id=\"b9cedcf\" data-element_type=\"container\" data-e-type=\"container\">\n\t\t\t\t\t<div class=\"e-con-inner\">\n\t\t<div class=\"elementor-element elementor-element-0800100 e-con-full e-flex wpr-particle-no wpr-jarallax-no wpr-parallax-no wpr-sticky-section-no wpr-equal-height-no e-con e-child\" data-id=\"0800100\" data-element_type=\"container\" data-e-type=\"container\" data-settings=\"{&quot;background_background&quot;:&quot;classic&quot;}\">\n\t\t\t\t<div class=\"elementor-element elementor-element-fd44281 elementor-widget elementor-widget-text-editor\" data-id=\"fd44281\" data-element_type=\"widget\" data-e-type=\"widget\" data-widget_type=\"text-editor.default\">\n\t\t\t\t\t\t\t\t\t<p><strong><span dir=\"auto\">Gegevensverzameling<\/span><\/strong><br \/><span dir=\"auto\"><strong>STESANT-CREDIT<\/strong>-finance kan persoonsgegevens verzamelen wanneer u deze website gebruikt. Deze informatie kan onder andere uw naam, e-mailadres en contactgegevens omvatten.<\/span><\/p><p><strong><span dir=\"auto\">Gebruik van gegevens<\/span><\/strong><br \/><span dir=\"auto\">De verzamelde informatie kan worden gebruikt om u van diensten te voorzien, onze website te verbeteren en contact met u op te nemen over speciale aanbiedingen of updates.<\/span><\/p><p><strong><span dir=\"auto\">Gegevensbescherming<\/span><\/strong><br \/><span dir=\"auto\"><strong>STESANT-CREDIT<\/strong>-finance zet zich in voor de bescherming van de vertrouwelijkheid van uw gegevens. Er zijn passende beveiligingsmaatregelen getroffen om ongeautoriseerde toegang te voorkomen.<\/span><\/p><p><strong><span dir=\"auto\">Informatie delen<\/span><\/strong><br \/><span dir=\"auto\"><strong>STESANT-CREDIT<\/strong>-finance zal uw gegevens niet verkopen of verhuren aan derden. Niet-persoonlijke gegevens kunnen echter wel worden gedeeld voor statistische of marketinganalyses.<\/span><\/p><p><strong><span dir=\"auto\">Toegang tot en controle over uw gegevens<\/span><\/strong><br \/><span dir=\"auto\">U hebt het recht om uw persoonsgegevens in te zien, te corrigeren of te verwijderen. Om deze rechten uit te oefenen, kunt u contact met ons opnemen via het adres in de contactsectie.<\/span><\/p><p><span dir=\"auto\">Door deze website te gebruiken, gaat u akkoord met ons privacybeleid en onze algemene voorwaarden. Dit beleid kan periodiek worden bijgewerkt. Controleer deze pagina regelmatig voor de meest recente informatie.<\/span><\/p>\t\t\t\t\t\t\t\t<\/div>\n\t\t\t\t<\/div>\n\t\t<div class=\"elementor-element elementor-element-3781f04 elementor-hidden-tablet elementor-hidden-mobile e-con-full e-flex wpr-particle-no wpr-jarallax-no wpr-parallax-no wpr-sticky-section-no wpr-equal-height-no elementor-invisible e-con e-child\" data-id=\"3781f04\" data-element_type=\"container\" data-e-type=\"container\" data-settings=\"{&quot;background_background&quot;:&quot;classic&quot;,&quot;animation&quot;:&quot;slideInLeft&quot;}\">\n\t\t\t\t<div class=\"elementor-element elementor-element-4051fa0 elementor-widget elementor-widget-heading\" data-id=\"4051fa0\" data-element_type=\"widget\" data-e-type=\"widget\" data-widget_type=\"heading.default\">\n\t\t\t\t\t<h2 class=\"elementor-heading-title elementor-size-default\">Contactgegevens\n<\/h2>\t\t\t\t<\/div>\n\t\t\t\t<div class=\"elementor-element elementor-element-fcd2971 elementor-widget elementor-widget-image-box\" data-id=\"fcd2971\" data-element_type=\"widget\" data-e-type=\"widget\" data-widget_type=\"image-box.default\">\n\t\t\t\t\t<div class=\"elementor-image-box-wrapper\"><div class=\"elementor-image-box-content\"><h3 class=\"elementor-image-box-title\"><a href=\"\">Telefoon:<\/a><\/h3><p class=\"elementor-image-box-description\">+4915213922913<\/p><\/div><\/div>\t\t\t\t<\/div>\n\t\t\t\t<div class=\"elementor-element elementor-element-b21735e elementor-widget elementor-widget-image-box\" data-id=\"b21735e\" data-element_type=\"widget\" data-e-type=\"widget\" data-widget_type=\"image-box.default\">\n\t\t\t\t\t<div class=\"elementor-image-box-wrapper\"><div class=\"elementor-image-box-content\"><h3 class=\"elementor-image-box-title\"><a href=\"mailto:infos@stesant.com\">E-mail:<\/a><\/h3><p class=\"elementor-image-box-description\">infos@stesant.com<br>\nkontakt@stesant.com<\/p><\/div><\/div>\t\t\t\t<\/div>\n\t\t\t\t<div class=\"elementor-element elementor-element-d45c69b elementor-widget elementor-widget-image-box\" data-id=\"d45c69b\" data-element_type=\"widget\" data-e-type=\"widget\" data-widget_type=\"image-box.default\">\n\t\t\t\t\t<div class=\"elementor-image-box-wrapper\"><div class=\"elementor-image-box-content\"><h3 class=\"elementor-image-box-title\"><a href=\"http:\/\/Friedrichstra\u00dfe%2068,%2010117%20Berlin,%20Deutschland\">Adres:<\/a><\/h3><p class=\"elementor-image-box-description\">Friedrichstrasse 68, 10117 Berlijn, Duitsland\n<\/p><\/div><\/div>\t\t\t\t<\/div>\n\t\t\t\t<div class=\"elementor-element elementor-element-b64ae9d elementor-widget elementor-widget-heading\" data-id=\"b64ae9d\" data-element_type=\"widget\" data-e-type=\"widget\" data-widget_type=\"heading.default\">\n\t\t\t\t\t<h2 class=\"elementor-heading-title elementor-size-default\">Onze openingstijden<\/h2>\t\t\t\t<\/div>\n\t\t\t\t<div class=\"elementor-element elementor-element-b8c3410 elementor-widget elementor-widget-icon-box\" data-id=\"b8c3410\" data-element_type=\"widget\" data-e-type=\"widget\" data-widget_type=\"icon-box.default\">\n\t\t\t\t\t\t\t<div class=\"elementor-icon-box-wrapper\">\n\n\t\t\t\n\t\t\t\t\t\t<div class=\"elementor-icon-box-content\">\n\n\t\t\t\t\t\t\t\t\t<h3 class=\"elementor-icon-box-title\">\n\t\t\t\t\t\t<span  >\n\t\t\t\t\t\t\tMaandag-vrijdag:\t\t\t\t\t\t<\/span>\n\t\t\t\t\t<\/h3>\n\t\t\t\t\n\t\t\t\t\t\t\t\t\t<p class=\"elementor-icon-box-description\">\n\t\t\t\t\t\t8:00 - 21:00 uur\t\t\t\t\t<\/p>\n\t\t\t\t\n\t\t\t<\/div>\n\t\t\t\n\t\t<\/div>\n\t\t\t\t\t\t<\/div>\n\t\t\t\t<div class=\"elementor-element elementor-element-61a372d elementor-widget elementor-widget-icon-box\" data-id=\"61a372d\" data-element_type=\"widget\" data-e-type=\"widget\" data-widget_type=\"icon-box.default\">\n\t\t\t\t\t\t\t<div class=\"elementor-icon-box-wrapper\">\n\n\t\t\t\n\t\t\t\t\t\t<div class=\"elementor-icon-box-content\">\n\n\t\t\t\t\t\t\t\t\t<h3 class=\"elementor-icon-box-title\">\n\t\t\t\t\t\t<span  >\n\t\t\t\t\t\t\tZaterdag :\t\t\t\t\t\t<\/span>\n\t\t\t\t\t<\/h3>\n\t\t\t\t\n\t\t\t\t\t\t\t\t\t<p class=\"elementor-icon-box-description\">\n\t\t\t\t\t\t9:00 - 19:00\t\t\t\t\t<\/p>\n\t\t\t\t\n\t\t\t<\/div>\n\t\t\t\n\t\t<\/div>\n\t\t\t\t\t\t<\/div>\n\t\t\t\t<div class=\"elementor-element elementor-element-9955ee8 elementor-widget elementor-widget-icon-box\" data-id=\"9955ee8\" data-element_type=\"widget\" data-e-type=\"widget\" data-widget_type=\"icon-box.default\">\n\t\t\t\t\t\t\t<div class=\"elementor-icon-box-wrapper\">\n\n\t\t\t\n\t\t\t\t\t\t<div class=\"elementor-icon-box-content\">\n\n\t\t\t\t\t\t\t\t\t<h3 class=\"elementor-icon-box-title\">\n\t\t\t\t\t\t<span  >\n\t\t\t\t\t\t\tZondag :\t\t\t\t\t\t<\/span>\n\t\t\t\t\t<\/h3>\n\t\t\t\t\n\t\t\t\t\t\t\t\t\t<p class=\"elementor-icon-box-description\">\n\t\t\t\t\t\t10:30 - 17:30\t\t\t\t\t<\/p>\n\t\t\t\t\n\t\t\t<\/div>\n\t\t\t\n\t\t<\/div>\n\t\t\t\t\t\t<\/div>\n\t\t\t\t<\/div>\n\t\t\t\t\t<\/div>\n\t\t\t\t<\/div>\n\t\t\t\t<\/div>","protected":false},"excerpt":{"rendered":"<p>Home \/ DatenerhebungSTESANT-KREDIT-finance kann personenbezogene Daten erfassen, wenn Sie diese Website nutzen. Diese Informationen k\u00f6nnen unter anderem Ihren Namen, Ihre E-Mail-Adresse und Ihre Kontaktdaten umfassen. Verwendung der DatenDie gesammelten Informationen k\u00f6nnen verwendet werden, um Ihnen Dienste bereitzustellen, unsere Website zu verbessern und Sie bez\u00fcglich Sonderangeboten oder Updates zu kontaktieren. DatenschutzSTESANT-KREDIT-finance verpflichtet sich, die Vertraulichkeit Ihrer Daten zu sch\u00fctzen. Es sind entsprechende Sicherheitsma\u00dfnahmen vorhanden, um unbefugten Zugriff zu verhindern. Weitergabe von InformationenSTESANT-KREDIT-finance wird Ihre Daten weder an Dritte verkaufen noch vermieten. Nicht personenbezogene Daten k\u00f6nnen jedoch f\u00fcr statistische oder Marketinganalysen weitergegeben werden. Zugriff und Kontrolle Ihrer DatenSie haben das Recht, auf Ihre personenbezogenen Daten zuzugreifen, sie zu berichtigen oder zu l\u00f6schen. Um diese Rechte auszu\u00fcben, kontaktieren Sie uns bitte unter der im Kontaktbereich angegebenen Adresse. Durch die Nutzung dieser Website erkl\u00e4ren Sie sich mit unserer Datenschutzrichtlinie und unseren Allgemeinen Gesch\u00e4ftsbedingungen einverstanden. Diese Richtlinie kann regelm\u00e4\u00dfig aktualisiert werden. Bitte besuchen Sie diese Seite regelm\u00e4\u00dfig, um die neuesten Informationen zu erhalten. Kontaktdetails Telefon: +4915213922913 E-mail: infos@stesant.com kontakt@stesant.com Address: Friedrichstra\u00dfe 68, 10117 Berlin, Deutschland Unsere \u00d6ffnungszeite Montag-Freitag : 08:00 &#8211; 21:00 Uhr Samstag : 9:00 &#8211; 19:00 Uhr Sonntag : 10:30 &#8211; 17:30 Uhr<\/p>","protected":false},"author":3,"featured_media":291,"parent":0,"menu_order":0,"comment_status":"closed","ping_status":"closed","template":"elementor_canvas","meta":{"googlesitekit_rrm_CAowt77dCw:productID":"","footnotes":""},"class_list":["post-10980","page","type-page","status-publish","has-post-thumbnail","hentry"],"yoast_head":"<!-- This site is optimized with the Yoast SEO Premium plugin v25.0 (Yoast SEO v27.4) - https:\/\/yoast.com\/product\/yoast-seo-premium-wordpress\/ -->\n<title>Datenschutzrichtlinie - Antworten auf Ihre Fragen zur Finanzierung<\/title>\n<meta name=\"description\" content=\"Finden Sie Antworten auf h\u00e4ufig gestellte Fragen zu unseren Finanzierungsl\u00f6sungen, dem Antragsprozess und den Bearbeitungszeiten.\" \/>\n<meta name=\"robots\" content=\"index, follow, max-snippet:-1, max-image-preview:large, max-video-preview:-1\" \/>\n<link rel=\"canonical\" href=\"https:\/\/stesant.com\/nl\/datenschutzrichtlinie\/\" \/>\n<meta property=\"og:locale\" content=\"nl_NL\" \/>\n<meta property=\"og:type\" content=\"article\" \/>\n<meta property=\"og:title\" content=\"Datenschutzrichtlinie\" \/>\n<meta property=\"og:description\" content=\"Finden Sie Antworten auf h\u00e4ufig gestellte Fragen zu unseren Finanzierungsl\u00f6sungen, dem Antragsprozess und den Bearbeitungszeiten.\" \/>\n<meta property=\"og:url\" content=\"https:\/\/stesant.com\/nl\/datenschutzrichtlinie\/\" \/>\n<meta property=\"og:site_name\" content=\"STESANT-KREDIT-Ltd\" \/>\n<meta property=\"article:modified_time\" content=\"2025-11-11T00:30:42+00:00\" \/>\n<meta property=\"og:image\" content=\"https:\/\/stesant.com\/wp-content\/uploads\/2024\/08\/img-2.jpg\" \/>\n\t<meta property=\"og:image:width\" content=\"572\" \/>\n\t<meta property=\"og:image:height\" content=\"1000\" \/>\n\t<meta property=\"og:image:type\" content=\"image\/jpeg\" \/>\n<meta name=\"twitter:card\" content=\"summary_large_image\" \/>\n<meta name=\"twitter:label1\" content=\"Geschatte leestijd\" \/>\n\t<meta name=\"twitter:data1\" content=\"1 minuut\" \/>\n<script type=\"application\/ld+json\" class=\"yoast-schema-graph\">{\"@context\":\"https:\\\/\\\/schema.org\",\"@graph\":[{\"@type\":\"WebPage\",\"@id\":\"https:\\\/\\\/stesant.com\\\/datenschutzrichtlinie\\\/\",\"url\":\"https:\\\/\\\/stesant.com\\\/datenschutzrichtlinie\\\/\",\"name\":\"Datenschutzrichtlinie - Antworten auf Ihre Fragen zur Finanzierung\",\"isPartOf\":{\"@id\":\"https:\\\/\\\/stesant.com\\\/#website\"},\"primaryImageOfPage\":{\"@id\":\"https:\\\/\\\/stesant.com\\\/datenschutzrichtlinie\\\/#primaryimage\"},\"image\":{\"@id\":\"https:\\\/\\\/stesant.com\\\/datenschutzrichtlinie\\\/#primaryimage\"},\"thumbnailUrl\":\"https:\\\/\\\/stesant.com\\\/wp-content\\\/uploads\\\/2024\\\/08\\\/img-2.jpg\",\"datePublished\":\"2025-09-26T14:40:40+00:00\",\"dateModified\":\"2025-11-11T00:30:42+00:00\",\"description\":\"Finden Sie Antworten auf h\u00e4ufig gestellte Fragen zu unseren Finanzierungsl\u00f6sungen, dem Antragsprozess und den Bearbeitungszeiten.\",\"breadcrumb\":{\"@id\":\"https:\\\/\\\/stesant.com\\\/datenschutzrichtlinie\\\/#breadcrumb\"},\"inLanguage\":\"nl-NL\",\"potentialAction\":[{\"@type\":\"ReadAction\",\"target\":[\"https:\\\/\\\/stesant.com\\\/datenschutzrichtlinie\\\/\"]}]},{\"@type\":\"ImageObject\",\"inLanguage\":\"nl-NL\",\"@id\":\"https:\\\/\\\/stesant.com\\\/datenschutzrichtlinie\\\/#primaryimage\",\"url\":\"https:\\\/\\\/stesant.com\\\/wp-content\\\/uploads\\\/2024\\\/08\\\/img-2.jpg\",\"contentUrl\":\"https:\\\/\\\/stesant.com\\\/wp-content\\\/uploads\\\/2024\\\/08\\\/img-2.jpg\",\"width\":572,\"height\":1000},{\"@type\":\"BreadcrumbList\",\"@id\":\"https:\\\/\\\/stesant.com\\\/datenschutzrichtlinie\\\/#breadcrumb\",\"itemListElement\":[{\"@type\":\"ListItem\",\"position\":1,\"name\":\"Home\",\"item\":\"https:\\\/\\\/stesant.com\\\/\"},{\"@type\":\"ListItem\",\"position\":2,\"name\":\"Datenschutzrichtlinie\"}]},{\"@type\":\"WebSite\",\"@id\":\"https:\\\/\\\/stesant.com\\\/#website\",\"url\":\"https:\\\/\\\/stesant.com\\\/\",\"name\":\"STESANT-KREDIT-Ltd\",\"description\":\"\",\"publisher\":{\"@id\":\"https:\\\/\\\/stesant.com\\\/#organization\"},\"potentialAction\":[{\"@type\":\"SearchAction\",\"target\":{\"@type\":\"EntryPoint\",\"urlTemplate\":\"https:\\\/\\\/stesant.com\\\/?s={search_term_string}\"},\"query-input\":{\"@type\":\"PropertyValueSpecification\",\"valueRequired\":true,\"valueName\":\"search_term_string\"}}],\"inLanguage\":\"nl-NL\"},{\"@type\":\"Organization\",\"@id\":\"https:\\\/\\\/stesant.com\\\/#organization\",\"name\":\"STESANT-KREDIT-Ltd\",\"url\":\"https:\\\/\\\/stesant.com\\\/\",\"logo\":{\"@type\":\"ImageObject\",\"inLanguage\":\"nl-NL\",\"@id\":\"https:\\\/\\\/stesant.com\\\/#\\\/schema\\\/logo\\\/image\\\/\",\"url\":\"https:\\\/\\\/stesant.com\\\/wp-content\\\/uploads\\\/2025\\\/05\\\/cropped-Logo-Retina.png\",\"contentUrl\":\"https:\\\/\\\/stesant.com\\\/wp-content\\\/uploads\\\/2025\\\/05\\\/cropped-Logo-Retina.png\",\"width\":442,\"height\":74,\"caption\":\"STESANT-KREDIT-Ltd\"},\"image\":{\"@id\":\"https:\\\/\\\/stesant.com\\\/#\\\/schema\\\/logo\\\/image\\\/\"}}]}<\/script>\n<!-- \/ Yoast SEO Premium plugin. -->","yoast_head_json":{"title":"Privacybeleid - Antwoorden op uw vragen over financiering","description":"Vind antwoorden op veelgestelde vragen over onze financieringsoplossingen, de aanvraagprocedure en de verwerkingstijden.","robots":{"index":"index","follow":"follow","max-snippet":"max-snippet:-1","max-image-preview":"max-image-preview:large","max-video-preview":"max-video-preview:-1"},"canonical":"https:\/\/stesant.com\/nl\/datenschutzrichtlinie\/","og_locale":"nl_NL","og_type":"article","og_title":"Datenschutzrichtlinie","og_description":"Finden Sie Antworten auf h\u00e4ufig gestellte Fragen zu unseren Finanzierungsl\u00f6sungen, dem Antragsprozess und den Bearbeitungszeiten.","og_url":"https:\/\/stesant.com\/nl\/datenschutzrichtlinie\/","og_site_name":"STESANT-KREDIT-Ltd","article_modified_time":"2025-11-11T00:30:42+00:00","og_image":[{"width":572,"height":1000,"url":"https:\/\/stesant.com\/wp-content\/uploads\/2024\/08\/img-2.jpg","type":"image\/jpeg"}],"twitter_card":"summary_large_image","twitter_misc":{"Geschatte leestijd":"1 minuut"},"schema":{"@context":"https:\/\/schema.org","@graph":[{"@type":"WebPage","@id":"https:\/\/stesant.com\/datenschutzrichtlinie\/","url":"https:\/\/stesant.com\/datenschutzrichtlinie\/","name":"Privacybeleid - Antwoorden op uw vragen over financiering","isPartOf":{"@id":"https:\/\/stesant.com\/#website"},"primaryImageOfPage":{"@id":"https:\/\/stesant.com\/datenschutzrichtlinie\/#primaryimage"},"image":{"@id":"https:\/\/stesant.com\/datenschutzrichtlinie\/#primaryimage"},"thumbnailUrl":"https:\/\/stesant.com\/wp-content\/uploads\/2024\/08\/img-2.jpg","datePublished":"2025-09-26T14:40:40+00:00","dateModified":"2025-11-11T00:30:42+00:00","description":"Vind antwoorden op veelgestelde vragen over onze financieringsoplossingen, de aanvraagprocedure en de verwerkingstijden.","breadcrumb":{"@id":"https:\/\/stesant.com\/datenschutzrichtlinie\/#breadcrumb"},"inLanguage":"nl-NL","potentialAction":[{"@type":"ReadAction","target":["https:\/\/stesant.com\/datenschutzrichtlinie\/"]}]},{"@type":"ImageObject","inLanguage":"nl-NL","@id":"https:\/\/stesant.com\/datenschutzrichtlinie\/#primaryimage","url":"https:\/\/stesant.com\/wp-content\/uploads\/2024\/08\/img-2.jpg","contentUrl":"https:\/\/stesant.com\/wp-content\/uploads\/2024\/08\/img-2.jpg","width":572,"height":1000},{"@type":"BreadcrumbList","@id":"https:\/\/stesant.com\/datenschutzrichtlinie\/#breadcrumb","itemListElement":[{"@type":"ListItem","position":1,"name":"Home","item":"https:\/\/stesant.com\/"},{"@type":"ListItem","position":2,"name":"Datenschutzrichtlinie"}]},{"@type":"WebSite","@id":"https:\/\/stesant.com\/#website","url":"https:\/\/stesant.com\/","name":"STESANT-KREDIT-LTD","description":"","publisher":{"@id":"https:\/\/stesant.com\/#organization"},"potentialAction":[{"@type":"SearchAction","target":{"@type":"EntryPoint","urlTemplate":"https:\/\/stesant.com\/?s={search_term_string}"},"query-input":{"@type":"PropertyValueSpecification","valueRequired":true,"valueName":"search_term_string"}}],"inLanguage":"nl-NL"},{"@type":"Organization","@id":"https:\/\/stesant.com\/#organization","name":"STESANT-KREDIT-LTD","url":"https:\/\/stesant.com\/","logo":{"@type":"ImageObject","inLanguage":"nl-NL","@id":"https:\/\/stesant.com\/#\/schema\/logo\/image\/","url":"https:\/\/stesant.com\/wp-content\/uploads\/2025\/05\/cropped-Logo-Retina.png","contentUrl":"https:\/\/stesant.com\/wp-content\/uploads\/2025\/05\/cropped-Logo-Retina.png","width":442,"height":74,"caption":"STESANT-KREDIT-Ltd"},"image":{"@id":"https:\/\/stesant.com\/#\/schema\/logo\/image\/"}}]}},"acf":[],"_links":{"self":[{"href":"https:\/\/stesant.com\/nl\/wp-json\/wp\/v2\/pages\/10980","targetHints":{"allow":["GET"]}}],"collection":[{"href":"https:\/\/stesant.com\/nl\/wp-json\/wp\/v2\/pages"}],"about":[{"href":"https:\/\/stesant.com\/nl\/wp-json\/wp\/v2\/types\/page"}],"author":[{"embeddable":true,"href":"https:\/\/stesant.com\/nl\/wp-json\/wp\/v2\/users\/3"}],"replies":[{"embeddable":true,"href":"https:\/\/stesant.com\/nl\/wp-json\/wp\/v2\/comments?post=10980"}],"version-history":[{"count":6,"href":"https:\/\/stesant.com\/nl\/wp-json\/wp\/v2\/pages\/10980\/revisions"}],"predecessor-version":[{"id":11842,"href":"https:\/\/stesant.com\/nl\/wp-json\/wp\/v2\/pages\/10980\/revisions\/11842"}],"wp:featuredmedia":[{"embeddable":true,"href":"https:\/\/stesant.com\/nl\/wp-json\/wp\/v2\/media\/291"}],"wp:attachment":[{"href":"https:\/\/stesant.com\/nl\/wp-json\/wp\/v2\/media?parent=10980"}],"curies":[{"name":"wp","href":"https:\/\/api.w.org\/{rel}","templated":true}]}}