{"id":10997,"date":"2025-09-26T14:47:37","date_gmt":"2025-09-26T14:47:37","guid":{"rendered":"https:\/\/STESANT.com\/?page_id=10997"},"modified":"2025-11-11T00:32:49","modified_gmt":"2025-11-11T00:32:49","slug":"rechtliche-hinweise","status":"publish","type":"page","link":"https:\/\/stesant.com\/nl\/rechtliche-hinweise\/","title":{"rendered":"Juridische kennisgeving"},"content":{"rendered":"<div data-elementor-type=\"wp-page\" data-elementor-id=\"10997\" class=\"elementor elementor-10997\" data-elementor-post-type=\"page\">\n\t\t\t\t<div class=\"elementor-element elementor-element-d8601b1 e-flex e-con-boxed wpr-particle-no wpr-jarallax-no wpr-parallax-no wpr-sticky-section-no wpr-equal-height-no e-con e-parent\" data-id=\"d8601b1\" data-element_type=\"container\" data-e-type=\"container\" data-settings=\"{&quot;background_background&quot;:&quot;classic&quot;}\">\n\t\t\t\t\t<div class=\"e-con-inner\">\n\t\t<div class=\"elementor-element elementor-element-02ee37b e-con-full e-flex wpr-particle-no wpr-jarallax-no wpr-parallax-no wpr-sticky-section-no wpr-equal-height-no e-con e-child\" data-id=\"02ee37b\" data-element_type=\"container\" data-e-type=\"container\">\n\t\t\t\t<div class=\"elementor-element elementor-element-7e74bef elementor-widget-divider--view-line elementor-widget elementor-widget-divider\" data-id=\"7e74bef\" data-element_type=\"widget\" data-e-type=\"widget\" data-widget_type=\"divider.default\">\n\t\t\t\t\t\t\t<div class=\"elementor-divider\">\n\t\t\t<span class=\"elementor-divider-separator\">\n\t\t\t\t\t\t<\/span>\n\t\t<\/div>\n\t\t\t\t\t\t<\/div>\n\t\t\t\t<div class=\"elementor-element elementor-element-e170ff3 elementor-widget elementor-widget-wpr-breadcrumbs-pro\" data-id=\"e170ff3\" data-element_type=\"widget\" data-e-type=\"widget\" data-widget_type=\"wpr-breadcrumbs-pro.default\">\n\t\t\t\t\t<div class=\"wpr-post-breadcrumbs\"><ul class=\"wpr-breadcrumbs\"><li><a href=\"https:\/\/stesant.com\/nl\">Thuis<\/a><\/li><li>\/<\/li><\/ul><\/div>\t\t\t\t<\/div>\n\t\t\t\t<\/div>\n\t\t\t\t\t<\/div>\n\t\t\t\t<\/div>\n\t\t<div class=\"elementor-element elementor-element-b9cedcf e-flex e-con-boxed wpr-particle-no wpr-jarallax-no wpr-parallax-no wpr-sticky-section-no wpr-equal-height-no e-con e-parent\" data-id=\"b9cedcf\" data-element_type=\"container\" data-e-type=\"container\">\n\t\t\t\t\t<div class=\"e-con-inner\">\n\t\t<div class=\"elementor-element elementor-element-0800100 e-con-full e-flex wpr-particle-no wpr-jarallax-no wpr-parallax-no wpr-sticky-section-no wpr-equal-height-no e-con e-child\" data-id=\"0800100\" data-element_type=\"container\" data-e-type=\"container\" data-settings=\"{&quot;background_background&quot;:&quot;classic&quot;}\">\n\t\t\t\t<div class=\"elementor-element elementor-element-fd44281 elementor-widget elementor-widget-text-editor\" data-id=\"fd44281\" data-element_type=\"widget\" data-e-type=\"widget\" data-widget_type=\"text-editor.default\">\n\t\t\t\t\t\t\t\t\t<p><strong><span dir=\"auto\">Hoofdkwartier:<\/span><\/strong><br \/><strong>STESANT-CREDIT<\/strong><\/p><p class=\"elementor-heading-title elementor-size-default\">Kaufingerstra\u00dfe 1 80331 M\u00fcnchen, Duitsland<\/p><p>\u00a0<\/p><p><strong><span dir=\"auto\">Bedrijfsnummer:<\/span><\/strong><span dir=\"auto\"> 03137039<\/span><\/p><p><strong><span dir=\"auto\">Bedrijfsstatus:<\/span><\/strong><br \/><span dir=\"auto\">Actief bedrijf<\/span><\/p><p><strong><span dir=\"auto\">Bedrijfstype:<\/span><\/strong><br \/><span dir=\"auto\">Besloten vennootschap<\/span><\/p><p><strong><span dir=\"auto\">Oprichtingsdatum:<\/span><\/strong><br \/><span dir=\"auto\">20 juli 2006<\/span><\/p><p><strong><span dir=\"auto\">Inhoud:<\/span><\/strong><br \/><span dir=\"auto\">De volgende accounts worden op 31 juli 2025 aangemaakt.<\/span><br \/><span dir=\"auto\">De inzending wordt verwacht v\u00f3\u00f3r 30 april 2026.<\/span><br \/><span dir=\"auto\">De laatste accounts worden op 31 juli 2024 aangemaakt.<\/span><\/p><p><strong><span dir=\"auto\">Bevestigingsverklaring:<\/span><\/strong><br \/><span dir=\"auto\">Een volgende verklaring wordt v\u00f3\u00f3r 2 augustus 2025 verwacht.<\/span><br \/><span dir=\"auto\">Status: 19 juli 2025.<\/span><br \/><span dir=\"auto\">Laatste verklaring gedateerd 19 juli 2024.<\/span><\/p><p><strong><span dir=\"auto\">Soort activiteit (SIC):<\/span><\/strong><br \/><span dir=\"auto\">96192 \u2013 Overige dienstverleningsactiviteiten die niet anderszins zijn geclassificeerd<\/span><\/p><p><strong><span dir=\"auto\">STESANT-KREDIT Financi\u00ebn<\/span><\/strong><span dir=\"auto\"> is een geregistreerd handelsmerk van <strong>STESANT-CREDIT<\/strong><\/span><strong><span dir=\"auto\">\u00a0Ltd.<\/span><\/strong><\/p><p><span dir=\"auto\">De informatie op deze website is uitsluitend bedoeld ter informatie en vormt geen financieel advies. Voor vragen over uw specifieke financi\u00eble behoeften kunt u contact opnemen met een gekwalificeerde financieel adviseur.<\/span><\/p><p><strong><span dir=\"auto\">STESANT-KREDIT Financi\u00ebn<\/span><\/strong><span dir=\"auto\">\u00a0Wij streven ernaar de informatie op deze website nauwkeurig en actueel te houden, maar aanvaarden geen aansprakelijkheid voor de juistheid, volledigheid of betrouwbaarheid ervan. Het gebruik van deze website is voor eigen risico.<\/span><\/p><p><span dir=\"auto\">Deze website kan links naar websites van derden bevatten. <strong>STESANT-CREDIT <\/strong><\/span><strong><span dir=\"auto\">Financi\u00ebn<\/span><\/strong><strong>\u00a0<\/strong><span dir=\"auto\">\u00a0aanvaardt geen verantwoordelijkheid voor de inhoud, het privacybeleid of de werkwijzen van deze websites.<\/span><\/p><p><span dir=\"auto\">Door deze site te gebruiken, gaat u akkoord met de algemene voorwaarden en het privacybeleid van <strong>STESANT-CREDIT <\/strong><\/span><strong><span dir=\"auto\">Financi\u00ebn<\/span><\/strong><span dir=\"auto\">\u00a0naar .<\/span><\/p><p><span dir=\"auto\">Voor vragen of opmerkingen over deze website of de inhoud ervan kunt u contact met ons opnemen via:\u00a0 <\/span><a href=\"mailto:infos@sSTESANT.com\"><span dir=\"auto\">infos@STESANT.com<\/span><\/a><span dir=\"auto\">\u00a0.?<\/span><\/p>\t\t\t\t\t\t\t\t<\/div>\n\t\t\t\t<\/div>\n\t\t<div class=\"elementor-element elementor-element-8a34c6a elementor-hidden-tablet elementor-hidden-mobile e-con-full e-flex wpr-particle-no wpr-jarallax-no wpr-parallax-no wpr-sticky-section-no wpr-equal-height-no elementor-invisible e-con e-child\" data-id=\"8a34c6a\" data-element_type=\"container\" data-e-type=\"container\" data-settings=\"{&quot;background_background&quot;:&quot;classic&quot;,&quot;animation&quot;:&quot;slideInLeft&quot;}\">\n\t\t\t\t<div class=\"elementor-element elementor-element-b30510f elementor-widget elementor-widget-heading\" data-id=\"b30510f\" data-element_type=\"widget\" data-e-type=\"widget\" data-widget_type=\"heading.default\">\n\t\t\t\t\t<h2 class=\"elementor-heading-title elementor-size-default\">Contactgegevens\n<\/h2>\t\t\t\t<\/div>\n\t\t\t\t<div class=\"elementor-element elementor-element-1dcb5b6 elementor-widget elementor-widget-image-box\" data-id=\"1dcb5b6\" data-element_type=\"widget\" data-e-type=\"widget\" data-widget_type=\"image-box.default\">\n\t\t\t\t\t<div class=\"elementor-image-box-wrapper\"><div class=\"elementor-image-box-content\"><h3 class=\"elementor-image-box-title\"><a href=\"\">Telefoon:<\/a><\/h3><p class=\"elementor-image-box-description\">+4915213922913<\/p><\/div><\/div>\t\t\t\t<\/div>\n\t\t\t\t<div class=\"elementor-element elementor-element-2bb219a elementor-widget elementor-widget-image-box\" data-id=\"2bb219a\" data-element_type=\"widget\" data-e-type=\"widget\" data-widget_type=\"image-box.default\">\n\t\t\t\t\t<div class=\"elementor-image-box-wrapper\"><div class=\"elementor-image-box-content\"><h3 class=\"elementor-image-box-title\"><a href=\"mailto:infos@stesant.com\">E-mail:<\/a><\/h3><p class=\"elementor-image-box-description\">infos@stesant.com<br>\nkontakt@stesant.com<\/p><\/div><\/div>\t\t\t\t<\/div>\n\t\t\t\t<div class=\"elementor-element elementor-element-bcb8c51 elementor-widget elementor-widget-image-box\" data-id=\"bcb8c51\" data-element_type=\"widget\" data-e-type=\"widget\" data-widget_type=\"image-box.default\">\n\t\t\t\t\t<div class=\"elementor-image-box-wrapper\"><div class=\"elementor-image-box-content\"><h3 class=\"elementor-image-box-title\">Adres:<\/h3><p class=\"elementor-image-box-description\">Friedrichstrasse 68, 10117 Berlijn, Duitsland\n<\/p><\/div><\/div>\t\t\t\t<\/div>\n\t\t\t\t<div class=\"elementor-element elementor-element-d0db1e8 elementor-widget elementor-widget-heading\" data-id=\"d0db1e8\" data-element_type=\"widget\" data-e-type=\"widget\" data-widget_type=\"heading.default\">\n\t\t\t\t\t<h2 class=\"elementor-heading-title elementor-size-default\">Onze openingstijden<\/h2>\t\t\t\t<\/div>\n\t\t\t\t<div class=\"elementor-element elementor-element-0c047cc elementor-widget elementor-widget-icon-box\" data-id=\"0c047cc\" data-element_type=\"widget\" data-e-type=\"widget\" data-widget_type=\"icon-box.default\">\n\t\t\t\t\t\t\t<div class=\"elementor-icon-box-wrapper\">\n\n\t\t\t\n\t\t\t\t\t\t<div class=\"elementor-icon-box-content\">\n\n\t\t\t\t\t\t\t\t\t<h3 class=\"elementor-icon-box-title\">\n\t\t\t\t\t\t<span  >\n\t\t\t\t\t\t\tMaandag-vrijdag:\t\t\t\t\t\t<\/span>\n\t\t\t\t\t<\/h3>\n\t\t\t\t\n\t\t\t\t\t\t\t\t\t<p class=\"elementor-icon-box-description\">\n\t\t\t\t\t\t8:00 - 21:00 uur\t\t\t\t\t<\/p>\n\t\t\t\t\n\t\t\t<\/div>\n\t\t\t\n\t\t<\/div>\n\t\t\t\t\t\t<\/div>\n\t\t\t\t<div class=\"elementor-element elementor-element-183e538 elementor-widget elementor-widget-icon-box\" data-id=\"183e538\" data-element_type=\"widget\" data-e-type=\"widget\" data-widget_type=\"icon-box.default\">\n\t\t\t\t\t\t\t<div class=\"elementor-icon-box-wrapper\">\n\n\t\t\t\n\t\t\t\t\t\t<div class=\"elementor-icon-box-content\">\n\n\t\t\t\t\t\t\t\t\t<h3 class=\"elementor-icon-box-title\">\n\t\t\t\t\t\t<span  >\n\t\t\t\t\t\t\tZaterdag :\t\t\t\t\t\t<\/span>\n\t\t\t\t\t<\/h3>\n\t\t\t\t\n\t\t\t\t\t\t\t\t\t<p class=\"elementor-icon-box-description\">\n\t\t\t\t\t\t9:00 - 19:00\t\t\t\t\t<\/p>\n\t\t\t\t\n\t\t\t<\/div>\n\t\t\t\n\t\t<\/div>\n\t\t\t\t\t\t<\/div>\n\t\t\t\t<div class=\"elementor-element elementor-element-bd39355 elementor-widget elementor-widget-icon-box\" data-id=\"bd39355\" data-element_type=\"widget\" data-e-type=\"widget\" data-widget_type=\"icon-box.default\">\n\t\t\t\t\t\t\t<div class=\"elementor-icon-box-wrapper\">\n\n\t\t\t\n\t\t\t\t\t\t<div class=\"elementor-icon-box-content\">\n\n\t\t\t\t\t\t\t\t\t<h3 class=\"elementor-icon-box-title\">\n\t\t\t\t\t\t<span  >\n\t\t\t\t\t\t\tZondag :\t\t\t\t\t\t<\/span>\n\t\t\t\t\t<\/h3>\n\t\t\t\t\n\t\t\t\t\t\t\t\t\t<p class=\"elementor-icon-box-description\">\n\t\t\t\t\t\t10:30 - 17:30\t\t\t\t\t<\/p>\n\t\t\t\t\n\t\t\t<\/div>\n\t\t\t\n\t\t<\/div>\n\t\t\t\t\t\t<\/div>\n\t\t\t\t<\/div>\n\t\t\t\t\t<\/div>\n\t\t\t\t<\/div>\n\t\t\t\t<\/div>","protected":false},"excerpt":{"rendered":"<p>Home \/ Hauptsitz:STESANT-KREDIT Kaufingerstra\u00dfe 1 80331 M\u00fcnchen, Deutschland \u00a0 Firmennummer: 03137039 Firmenstatus:Aktives Unternehmen Unternehmenstyp:Private Limited Company Gr\u00fcndungsdatum:20. Juli 2006 Konten:Die n\u00e4chsten Konten werden am 31. Juli 2025 eingerichtet,die Einreichung wird vor dem 30. April 2026 erwartet.Die letzten Konten werden am 31. Juli 2024 eingerichtet. Best\u00e4tigungserkl\u00e4rung:N\u00e4chste Erkl\u00e4rung voraussichtlich vor dem 2. August 2025,Stand: 19. Juli 2025.Letzte Erkl\u00e4rung vom 19. Juli 2024. Art der T\u00e4tigkeit (SIC):96192 \u2013 Sonstige Dienstleistungst\u00e4tigkeiten, die nicht anderweitig klassifiziert sind STESANT-KREDIT Finance ist eine eingetragene Marke von STESANT-KREDIT\u00a0Ltd. Die auf dieser Website bereitgestellten Informationen dienen ausschlie\u00dflich Informationszwecken und stellen keine Finanzberatung dar. Bei Fragen zu Ihren spezifischen Finanzbed\u00fcrfnissen wenden Sie sich bitte an einen qualifizierten Finanzberater. STESANT-KREDIT Finance\u00a0ist bestrebt, die Informationen auf dieser Website korrekt und aktuell zu halten, \u00fcbernimmt jedoch keine Gew\u00e4hr f\u00fcr deren Richtigkeit, Vollst\u00e4ndigkeit oder Zuverl\u00e4ssigkeit. Die Nutzung dieser Website erfolgt auf eigene Gefahr. Diese Website kann Links zu Websites Dritter enthalten. STESANT-KREDIT Finance\u00a0\u00a0\u00fcbernimmt keine Verantwortung f\u00fcr den Inhalt, die Datenschutzrichtlinien oder die Praktiken dieser Websites. Durch die Nutzung dieser Site stimmen Sie den Allgemeinen Gesch\u00e4ftsbedingungen und der Datenschutzrichtlinie von STESANT-KREDIT Finance\u00a0zu . Bei Fragen oder Anliegen bez\u00fcglich dieser Website oder ihrer Inhalte kontaktieren Sie uns bitte unter:\u00a0 infos@STESANT.com\u00a0.? Kontaktdetails Telefon: +4915213922913 E-mail: infos@stesant.com kontakt@stesant.com Address: Friedrichstra\u00dfe 68, 10117 Berlin, Deutschland Unsere \u00d6ffnungszeite Montag-Freitag : 08:00 &#8211; 21:00 Uhr Samstag : 9:00 &#8211; 19:00 Uhr Sonntag : 10:30 &#8211; 17:30 Uhr<\/p>","protected":false},"author":3,"featured_media":291,"parent":0,"menu_order":0,"comment_status":"closed","ping_status":"closed","template":"elementor_canvas","meta":{"googlesitekit_rrm_CAowt77dCw:productID":"","footnotes":""},"class_list":["post-10997","page","type-page","status-publish","has-post-thumbnail","hentry"],"yoast_head":"<!-- This site is optimized with the Yoast SEO Premium plugin v25.0 (Yoast SEO v27.4) - https:\/\/yoast.com\/product\/yoast-seo-premium-wordpress\/ -->\n<title>Rechtliche Hinweise - Antworten auf Ihre Fragen zur Finanzierung<\/title>\n<meta name=\"description\" content=\"Finden Sie Antworten auf h\u00e4ufig gestellte Fragen zu unseren Finanzierungsl\u00f6sungen, dem Antragsprozess und den Bearbeitungszeiten.\" \/>\n<meta name=\"robots\" content=\"index, follow, max-snippet:-1, max-image-preview:large, max-video-preview:-1\" \/>\n<link rel=\"canonical\" href=\"https:\/\/stesant.com\/nl\/rechtliche-hinweise\/\" \/>\n<meta property=\"og:locale\" content=\"nl_NL\" \/>\n<meta property=\"og:type\" content=\"article\" \/>\n<meta property=\"og:title\" content=\"Rechtliche Hinweise\" \/>\n<meta property=\"og:description\" content=\"Finden Sie Antworten auf h\u00e4ufig gestellte Fragen zu unseren Finanzierungsl\u00f6sungen, dem Antragsprozess und den Bearbeitungszeiten.\" \/>\n<meta property=\"og:url\" content=\"https:\/\/stesant.com\/nl\/rechtliche-hinweise\/\" \/>\n<meta property=\"og:site_name\" content=\"STESANT-KREDIT-Ltd\" \/>\n<meta property=\"article:modified_time\" content=\"2025-11-11T00:32:49+00:00\" \/>\n<meta property=\"og:image\" content=\"https:\/\/stesant.com\/wp-content\/uploads\/2024\/08\/img-2.jpg\" \/>\n\t<meta property=\"og:image:width\" content=\"572\" \/>\n\t<meta property=\"og:image:height\" content=\"1000\" \/>\n\t<meta property=\"og:image:type\" content=\"image\/jpeg\" \/>\n<meta name=\"twitter:card\" content=\"summary_large_image\" \/>\n<meta name=\"twitter:label1\" content=\"Geschatte leestijd\" \/>\n\t<meta name=\"twitter:data1\" content=\"2 minuten\" \/>\n<script type=\"application\/ld+json\" class=\"yoast-schema-graph\">{\"@context\":\"https:\\\/\\\/schema.org\",\"@graph\":[{\"@type\":\"WebPage\",\"@id\":\"https:\\\/\\\/stesant.com\\\/rechtliche-hinweise\\\/\",\"url\":\"https:\\\/\\\/stesant.com\\\/rechtliche-hinweise\\\/\",\"name\":\"Rechtliche Hinweise - Antworten auf Ihre Fragen zur Finanzierung\",\"isPartOf\":{\"@id\":\"https:\\\/\\\/stesant.com\\\/#website\"},\"primaryImageOfPage\":{\"@id\":\"https:\\\/\\\/stesant.com\\\/rechtliche-hinweise\\\/#primaryimage\"},\"image\":{\"@id\":\"https:\\\/\\\/stesant.com\\\/rechtliche-hinweise\\\/#primaryimage\"},\"thumbnailUrl\":\"https:\\\/\\\/stesant.com\\\/wp-content\\\/uploads\\\/2024\\\/08\\\/img-2.jpg\",\"datePublished\":\"2025-09-26T14:47:37+00:00\",\"dateModified\":\"2025-11-11T00:32:49+00:00\",\"description\":\"Finden Sie Antworten auf h\u00e4ufig gestellte Fragen zu unseren Finanzierungsl\u00f6sungen, dem Antragsprozess und den Bearbeitungszeiten.\",\"breadcrumb\":{\"@id\":\"https:\\\/\\\/stesant.com\\\/rechtliche-hinweise\\\/#breadcrumb\"},\"inLanguage\":\"nl-NL\",\"potentialAction\":[{\"@type\":\"ReadAction\",\"target\":[\"https:\\\/\\\/stesant.com\\\/rechtliche-hinweise\\\/\"]}]},{\"@type\":\"ImageObject\",\"inLanguage\":\"nl-NL\",\"@id\":\"https:\\\/\\\/stesant.com\\\/rechtliche-hinweise\\\/#primaryimage\",\"url\":\"https:\\\/\\\/stesant.com\\\/wp-content\\\/uploads\\\/2024\\\/08\\\/img-2.jpg\",\"contentUrl\":\"https:\\\/\\\/stesant.com\\\/wp-content\\\/uploads\\\/2024\\\/08\\\/img-2.jpg\",\"width\":572,\"height\":1000},{\"@type\":\"BreadcrumbList\",\"@id\":\"https:\\\/\\\/stesant.com\\\/rechtliche-hinweise\\\/#breadcrumb\",\"itemListElement\":[{\"@type\":\"ListItem\",\"position\":1,\"name\":\"Home\",\"item\":\"https:\\\/\\\/stesant.com\\\/\"},{\"@type\":\"ListItem\",\"position\":2,\"name\":\"Rechtliche Hinweise\"}]},{\"@type\":\"WebSite\",\"@id\":\"https:\\\/\\\/stesant.com\\\/#website\",\"url\":\"https:\\\/\\\/stesant.com\\\/\",\"name\":\"STESANT-KREDIT-Ltd\",\"description\":\"\",\"publisher\":{\"@id\":\"https:\\\/\\\/stesant.com\\\/#organization\"},\"potentialAction\":[{\"@type\":\"SearchAction\",\"target\":{\"@type\":\"EntryPoint\",\"urlTemplate\":\"https:\\\/\\\/stesant.com\\\/?s={search_term_string}\"},\"query-input\":{\"@type\":\"PropertyValueSpecification\",\"valueRequired\":true,\"valueName\":\"search_term_string\"}}],\"inLanguage\":\"nl-NL\"},{\"@type\":\"Organization\",\"@id\":\"https:\\\/\\\/stesant.com\\\/#organization\",\"name\":\"STESANT-KREDIT-Ltd\",\"url\":\"https:\\\/\\\/stesant.com\\\/\",\"logo\":{\"@type\":\"ImageObject\",\"inLanguage\":\"nl-NL\",\"@id\":\"https:\\\/\\\/stesant.com\\\/#\\\/schema\\\/logo\\\/image\\\/\",\"url\":\"https:\\\/\\\/stesant.com\\\/wp-content\\\/uploads\\\/2025\\\/05\\\/cropped-Logo-Retina.png\",\"contentUrl\":\"https:\\\/\\\/stesant.com\\\/wp-content\\\/uploads\\\/2025\\\/05\\\/cropped-Logo-Retina.png\",\"width\":442,\"height\":74,\"caption\":\"STESANT-KREDIT-Ltd\"},\"image\":{\"@id\":\"https:\\\/\\\/stesant.com\\\/#\\\/schema\\\/logo\\\/image\\\/\"}}]}<\/script>\n<!-- \/ Yoast SEO Premium plugin. -->","yoast_head_json":{"title":"Juridische mededeling - Antwoorden op uw vragen over financiering","description":"Vind antwoorden op veelgestelde vragen over onze financieringsoplossingen, de aanvraagprocedure en de verwerkingstijden.","robots":{"index":"index","follow":"follow","max-snippet":"max-snippet:-1","max-image-preview":"max-image-preview:large","max-video-preview":"max-video-preview:-1"},"canonical":"https:\/\/stesant.com\/nl\/rechtliche-hinweise\/","og_locale":"nl_NL","og_type":"article","og_title":"Rechtliche Hinweise","og_description":"Finden Sie Antworten auf h\u00e4ufig gestellte Fragen zu unseren Finanzierungsl\u00f6sungen, dem Antragsprozess und den Bearbeitungszeiten.","og_url":"https:\/\/stesant.com\/nl\/rechtliche-hinweise\/","og_site_name":"STESANT-KREDIT-Ltd","article_modified_time":"2025-11-11T00:32:49+00:00","og_image":[{"width":572,"height":1000,"url":"https:\/\/stesant.com\/wp-content\/uploads\/2024\/08\/img-2.jpg","type":"image\/jpeg"}],"twitter_card":"summary_large_image","twitter_misc":{"Geschatte leestijd":"2 minuten"},"schema":{"@context":"https:\/\/schema.org","@graph":[{"@type":"WebPage","@id":"https:\/\/stesant.com\/rechtliche-hinweise\/","url":"https:\/\/stesant.com\/rechtliche-hinweise\/","name":"Juridische mededeling - Antwoorden op uw vragen over financiering","isPartOf":{"@id":"https:\/\/stesant.com\/#website"},"primaryImageOfPage":{"@id":"https:\/\/stesant.com\/rechtliche-hinweise\/#primaryimage"},"image":{"@id":"https:\/\/stesant.com\/rechtliche-hinweise\/#primaryimage"},"thumbnailUrl":"https:\/\/stesant.com\/wp-content\/uploads\/2024\/08\/img-2.jpg","datePublished":"2025-09-26T14:47:37+00:00","dateModified":"2025-11-11T00:32:49+00:00","description":"Vind antwoorden op veelgestelde vragen over onze financieringsoplossingen, de aanvraagprocedure en de verwerkingstijden.","breadcrumb":{"@id":"https:\/\/stesant.com\/rechtliche-hinweise\/#breadcrumb"},"inLanguage":"nl-NL","potentialAction":[{"@type":"ReadAction","target":["https:\/\/stesant.com\/rechtliche-hinweise\/"]}]},{"@type":"ImageObject","inLanguage":"nl-NL","@id":"https:\/\/stesant.com\/rechtliche-hinweise\/#primaryimage","url":"https:\/\/stesant.com\/wp-content\/uploads\/2024\/08\/img-2.jpg","contentUrl":"https:\/\/stesant.com\/wp-content\/uploads\/2024\/08\/img-2.jpg","width":572,"height":1000},{"@type":"BreadcrumbList","@id":"https:\/\/stesant.com\/rechtliche-hinweise\/#breadcrumb","itemListElement":[{"@type":"ListItem","position":1,"name":"Home","item":"https:\/\/stesant.com\/"},{"@type":"ListItem","position":2,"name":"Rechtliche Hinweise"}]},{"@type":"WebSite","@id":"https:\/\/stesant.com\/#website","url":"https:\/\/stesant.com\/","name":"STESANT-KREDIT-LTD","description":"","publisher":{"@id":"https:\/\/stesant.com\/#organization"},"potentialAction":[{"@type":"SearchAction","target":{"@type":"EntryPoint","urlTemplate":"https:\/\/stesant.com\/?s={search_term_string}"},"query-input":{"@type":"PropertyValueSpecification","valueRequired":true,"valueName":"search_term_string"}}],"inLanguage":"nl-NL"},{"@type":"Organization","@id":"https:\/\/stesant.com\/#organization","name":"STESANT-KREDIT-LTD","url":"https:\/\/stesant.com\/","logo":{"@type":"ImageObject","inLanguage":"nl-NL","@id":"https:\/\/stesant.com\/#\/schema\/logo\/image\/","url":"https:\/\/stesant.com\/wp-content\/uploads\/2025\/05\/cropped-Logo-Retina.png","contentUrl":"https:\/\/stesant.com\/wp-content\/uploads\/2025\/05\/cropped-Logo-Retina.png","width":442,"height":74,"caption":"STESANT-KREDIT-Ltd"},"image":{"@id":"https:\/\/stesant.com\/#\/schema\/logo\/image\/"}}]}},"acf":[],"_links":{"self":[{"href":"https:\/\/stesant.com\/nl\/wp-json\/wp\/v2\/pages\/10997","targetHints":{"allow":["GET"]}}],"collection":[{"href":"https:\/\/stesant.com\/nl\/wp-json\/wp\/v2\/pages"}],"about":[{"href":"https:\/\/stesant.com\/nl\/wp-json\/wp\/v2\/types\/page"}],"author":[{"embeddable":true,"href":"https:\/\/stesant.com\/nl\/wp-json\/wp\/v2\/users\/3"}],"replies":[{"embeddable":true,"href":"https:\/\/stesant.com\/nl\/wp-json\/wp\/v2\/comments?post=10997"}],"version-history":[{"count":3,"href":"https:\/\/stesant.com\/nl\/wp-json\/wp\/v2\/pages\/10997\/revisions"}],"predecessor-version":[{"id":11845,"href":"https:\/\/stesant.com\/nl\/wp-json\/wp\/v2\/pages\/10997\/revisions\/11845"}],"wp:featuredmedia":[{"embeddable":true,"href":"https:\/\/stesant.com\/nl\/wp-json\/wp\/v2\/media\/291"}],"wp:attachment":[{"href":"https:\/\/stesant.com\/nl\/wp-json\/wp\/v2\/media?parent=10997"}],"curies":[{"name":"wp","href":"https:\/\/api.w.org\/{rel}","templated":true}]}}